{"id":30,"date":"2026-04-23T06:43:09","date_gmt":"2026-04-23T06:43:09","guid":{"rendered":"https:\/\/lvieilola.ngmprojektit.fi\/?page_id=30"},"modified":"2026-04-23T07:32:33","modified_gmt":"2026-04-23T07:32:33","slug":"yritys","status":"publish","type":"page","link":"https:\/\/lvieilola.ngmprojektit.fi\/?page_id=30","title":{"rendered":"Yritys"},"content":{"rendered":"\t\t<div data-elementor-type=\"wp-page\" data-elementor-id=\"30\" class=\"elementor elementor-30\" data-elementor-post-type=\"page\">\n\t\t\t\t\t\t<section class=\"elementor-section elementor-top-section elementor-element elementor-element-7c47abb elementor-section-boxed elementor-section-height-default elementor-section-height-default\" data-id=\"7c47abb\" data-element_type=\"section\" data-e-type=\"section\" data-settings=\"{&quot;background_background&quot;:&quot;classic&quot;}\">\n\t\t\t\t\t\t\t<div class=\"elementor-background-overlay\"><\/div>\n\t\t\t\t\t\t\t<div class=\"elementor-container elementor-column-gap-default\">\n\t\t\t\t\t<div class=\"elementor-column elementor-col-100 elementor-top-column elementor-element elementor-element-6247c01\" data-id=\"6247c01\" data-element_type=\"column\" data-e-type=\"column\">\n\t\t\t<div class=\"elementor-widget-wrap elementor-element-populated\">\n\t\t\t\t\t\t<div class=\"elementor-element elementor-element-a14ff69 elementor-widget elementor-widget-heading\" data-id=\"a14ff69\" data-element_type=\"widget\" data-e-type=\"widget\" data-widget_type=\"heading.default\">\n\t\t\t\t\t<h2 class=\"elementor-heading-title elementor-size-default\">LVI Eilola Oy\n<\/h2>\t\t\t\t<\/div>\n\t\t\t\t<div class=\"elementor-element elementor-element-046d878 elementor-widget elementor-widget-heading\" data-id=\"046d878\" data-element_type=\"widget\" data-e-type=\"widget\" data-widget_type=\"heading.default\">\n\t\t\t\t\t<h2 class=\"elementor-heading-title elementor-size-default\">T\u00e4yden palvelun maal\u00e4mp\u00f6talo<\/h2>\t\t\t\t<\/div>\n\t\t\t\t<section class=\"elementor-section elementor-inner-section elementor-element elementor-element-fd0edad elementor-section-boxed elementor-section-height-default elementor-section-height-default\" data-id=\"fd0edad\" data-element_type=\"section\" data-e-type=\"section\">\n\t\t\t\t\t\t<div class=\"elementor-container elementor-column-gap-default\">\n\t\t\t\t\t<div class=\"elementor-column elementor-col-100 elementor-inner-column elementor-element elementor-element-a65b2f6\" data-id=\"a65b2f6\" data-element_type=\"column\" data-e-type=\"column\">\n\t\t\t<div class=\"elementor-widget-wrap elementor-element-populated\">\n\t\t\t\t\t\t<div class=\"elementor-element elementor-element-dbd173d elementor-align-center elementor-widget elementor-widget-button\" data-id=\"dbd173d\" data-element_type=\"widget\" data-e-type=\"widget\" data-widget_type=\"button.default\">\n\t\t\t\t\t\t\t\t\t\t<a class=\"elementor-button elementor-button-link elementor-size-sm\" href=\"#\">\n\t\t\t\t\t\t<span class=\"elementor-button-content-wrapper\">\n\t\t\t\t\t\t\t\t\t<span class=\"elementor-button-text\">Pyyd\u00e4 tarjous<\/span>\n\t\t\t\t\t<\/span>\n\t\t\t\t\t<\/a>\n\t\t\t\t\t\t\t\t<\/div>\n\t\t\t\t\t<\/div>\n\t\t<\/div>\n\t\t\t\t\t<\/div>\n\t\t<\/section>\n\t\t\t\t\t<\/div>\n\t\t<\/div>\n\t\t\t\t\t<\/div>\n\t\t<\/section>\n\t\t\t\t<section class=\"elementor-section elementor-top-section elementor-element elementor-element-cfd356a elementor-section-boxed elementor-section-height-default elementor-section-height-default\" data-id=\"cfd356a\" data-element_type=\"section\" data-e-type=\"section\" data-settings=\"{&quot;background_background&quot;:&quot;classic&quot;}\">\n\t\t\t\t\t\t<div class=\"elementor-container elementor-column-gap-default\">\n\t\t\t\t\t<div class=\"elementor-column elementor-col-50 elementor-top-column elementor-element elementor-element-4da36db\" data-id=\"4da36db\" data-element_type=\"column\" data-e-type=\"column\">\n\t\t\t<div class=\"elementor-widget-wrap elementor-element-populated\">\n\t\t\t\t\t\t<div class=\"elementor-element elementor-element-ad2682d elementor-widget elementor-widget-heading\" data-id=\"ad2682d\" data-element_type=\"widget\" data-e-type=\"widget\" data-widget_type=\"heading.default\">\n\t\t\t\t\t<h2 class=\"elementor-heading-title elementor-size-default\">Vankkaa osaamista jo vudesta 2006 alkaen\n<\/h2>\t\t\t\t<\/div>\n\t\t\t\t<div class=\"elementor-element elementor-element-e344990 elementor-widget elementor-widget-text-editor\" data-id=\"e344990\" data-element_type=\"widget\" data-e-type=\"widget\" data-widget_type=\"text-editor.default\">\n\t\t\t\t\t\t\t\t\t<div class=\"container-fluid contentfluid yrityscont\"><div class=\"row\"><div class=\"col-sm colorbg\"><div class=\"colorboxcontent\"><p class=\"boxlabel\">Olemme urakoineet Oulun ja Lapin l\u00e4\u00e4nien alueella sek\u00e4 Helsingin \u2013 Uudenmaan alueella maal\u00e4mp\u00f6asennuksia vuodesta 2006 alkaen. Kokemusta on kertynyt jo l\u00e4hes 2000 asennetusta maal\u00e4mp\u00f6kohteesta.<\/p><p class=\"boxlabel\">Meilt\u00e4 saat varmasti oikeanlaisen mitoituksen kohteeseesi, laadukkaat maal\u00e4mp\u00f6tuotteet, asennus tehd\u00e4\u00e4n rautaisella ammattitaidolla ja tarvittaessa huoltokin pelaa!<\/p><\/div><\/div><\/div><\/div>\t\t\t\t\t\t\t\t<\/div>\n\t\t\t\t<div class=\"elementor-element elementor-element-e754581 elementor-align-left elementor-widget elementor-widget-button\" data-id=\"e754581\" data-element_type=\"widget\" data-e-type=\"widget\" data-widget_type=\"button.default\">\n\t\t\t\t\t\t\t\t\t\t<a class=\"elementor-button elementor-button-link elementor-size-sm\" href=\"https:\/\/lvieilola.ngmprojektit.fi\/?page_id=28\">\n\t\t\t\t\t\t<span class=\"elementor-button-content-wrapper\">\n\t\t\t\t\t\t\t\t\t<span class=\"elementor-button-text\">Pyyd\u00e4 tarjous<\/span>\n\t\t\t\t\t<\/span>\n\t\t\t\t\t<\/a>\n\t\t\t\t\t\t\t\t<\/div>\n\t\t\t\t\t<\/div>\n\t\t<\/div>\n\t\t\t\t<div class=\"elementor-column elementor-col-50 elementor-top-column elementor-element elementor-element-2e66550\" data-id=\"2e66550\" data-element_type=\"column\" data-e-type=\"column\" data-settings=\"{&quot;background_background&quot;:&quot;classic&quot;}\">\n\t\t\t<div class=\"elementor-widget-wrap elementor-element-populated\">\n\t\t\t\t\t\t<div class=\"elementor-element elementor-element-2468065 elementor-widget elementor-widget-spacer\" data-id=\"2468065\" data-element_type=\"widget\" data-e-type=\"widget\" data-widget_type=\"spacer.default\">\n\t\t\t\t\t\t\t<div class=\"elementor-spacer\">\n\t\t\t<div class=\"elementor-spacer-inner\"><\/div>\n\t\t<\/div>\n\t\t\t\t\t\t<\/div>\n\t\t\t\t\t<\/div>\n\t\t<\/div>\n\t\t\t\t\t<\/div>\n\t\t<\/section>\n\t\t\t\t<section class=\"elementor-section elementor-top-section elementor-element elementor-element-4156514 elementor-section-boxed elementor-section-height-default elementor-section-height-default\" data-id=\"4156514\" data-element_type=\"section\" data-e-type=\"section\">\n\t\t\t\t\t\t<div class=\"elementor-container elementor-column-gap-default\">\n\t\t\t\t\t<div class=\"elementor-column elementor-col-100 elementor-top-column elementor-element elementor-element-c21d7d0\" data-id=\"c21d7d0\" data-element_type=\"column\" data-e-type=\"column\">\n\t\t\t<div class=\"elementor-widget-wrap elementor-element-populated\">\n\t\t\t\t\t\t<div class=\"elementor-element elementor-element-5d2ec84 elementor-widget elementor-widget-heading\" data-id=\"5d2ec84\" data-element_type=\"widget\" data-e-type=\"widget\" data-widget_type=\"heading.default\">\n\t\t\t\t\t<h2 class=\"elementor-heading-title elementor-size-default\">Kokemuksia LVI-EIlolasta <\/h2>\t\t\t\t<\/div>\n\t\t\t\t<section class=\"elementor-section elementor-inner-section elementor-element elementor-element-e58cd7f elementor-section-full_width elementor-section-height-default elementor-section-height-default\" data-id=\"e58cd7f\" data-element_type=\"section\" data-e-type=\"section\">\n\t\t\t\t\t\t<div class=\"elementor-container elementor-column-gap-default\">\n\t\t\t\t\t<div class=\"elementor-column elementor-col-50 elementor-inner-column elementor-element elementor-element-6806043\" data-id=\"6806043\" data-element_type=\"column\" data-e-type=\"column\">\n\t\t\t<div class=\"elementor-widget-wrap elementor-element-populated\">\n\t\t\t\t\t\t<div class=\"elementor-element elementor-element-73f347d elementor-widget elementor-widget-video\" data-id=\"73f347d\" data-element_type=\"widget\" data-e-type=\"widget\" data-settings=\"{&quot;youtube_url&quot;:&quot;https:\\\/\\\/www.youtube.com\\\/watch?v=ZVY0JI8Ly-I&quot;,&quot;video_type&quot;:&quot;youtube&quot;,&quot;controls&quot;:&quot;yes&quot;}\" data-widget_type=\"video.default\">\n\t\t\t\t\t\t\t<div class=\"elementor-wrapper elementor-open-inline\">\n\t\t\t<div class=\"elementor-video\"><\/div>\t\t<\/div>\n\t\t\t\t\t\t<\/div>\n\t\t\t\t\t<\/div>\n\t\t<\/div>\n\t\t\t\t<div class=\"elementor-column elementor-col-50 elementor-inner-column elementor-element elementor-element-5bb0c32\" data-id=\"5bb0c32\" data-element_type=\"column\" data-e-type=\"column\">\n\t\t\t<div class=\"elementor-widget-wrap elementor-element-populated\">\n\t\t\t\t\t\t<div class=\"elementor-element elementor-element-48733eb elementor-widget elementor-widget-video\" data-id=\"48733eb\" data-element_type=\"widget\" data-e-type=\"widget\" data-settings=\"{&quot;youtube_url&quot;:&quot;https:\\\/\\\/www.youtube.com\\\/watch?v=ckMrNdULt8w&quot;,&quot;video_type&quot;:&quot;youtube&quot;,&quot;controls&quot;:&quot;yes&quot;}\" data-widget_type=\"video.default\">\n\t\t\t\t\t\t\t<div class=\"elementor-wrapper elementor-open-inline\">\n\t\t\t<div class=\"elementor-video\"><\/div>\t\t<\/div>\n\t\t\t\t\t\t<\/div>\n\t\t\t\t\t<\/div>\n\t\t<\/div>\n\t\t\t\t\t<\/div>\n\t\t<\/section>\n\t\t\t\t\t<\/div>\n\t\t<\/div>\n\t\t\t\t\t<\/div>\n\t\t<\/section>\n\t\t\t\t<section class=\"elementor-section elementor-top-section elementor-element elementor-element-54872bc elementor-section-boxed elementor-section-height-default elementor-section-height-default\" data-id=\"54872bc\" data-element_type=\"section\" data-e-type=\"section\" data-settings=\"{&quot;background_background&quot;:&quot;classic&quot;}\">\n\t\t\t\t\t\t<div class=\"elementor-container elementor-column-gap-default\">\n\t\t\t\t\t<div class=\"elementor-column elementor-col-100 elementor-top-column elementor-element elementor-element-ea557d1\" data-id=\"ea557d1\" data-element_type=\"column\" data-e-type=\"column\">\n\t\t\t<div class=\"elementor-widget-wrap elementor-element-populated\">\n\t\t\t\t\t\t<div class=\"elementor-element elementor-element-92d5e80 elementor-widget elementor-widget-heading\" data-id=\"92d5e80\" data-element_type=\"widget\" data-e-type=\"widget\" data-widget_type=\"heading.default\">\n\t\t\t\t\t<h2 class=\"elementor-heading-title elementor-size-default\">Toiminta-alueemme:<\/h2>\t\t\t\t<\/div>\n\t\t\t\t<div class=\"elementor-element elementor-element-32126f3 elementor-widget elementor-widget-text-editor\" data-id=\"32126f3\" data-element_type=\"widget\" data-e-type=\"widget\" data-widget_type=\"text-editor.default\">\n\t\t\t\t\t\t\t\t\t<p><strong>Pohjois-Pohjanmaa:<\/strong><br \/>Liminka, Lumijoki, Raahe, Oulu, Ylivieska, Siikajoki, Ii, Kokkola, Vaala, K\u00e4rs\u00e4m\u00e4ki, Haapavesi, Oulainen, Kiiminki, Kempele, Oulunsalo, Haukipudas, Utaj\u00e4rvi, Kalajoki, Kannus, Sievi, Kemi, Keminmaa ja Tornio<br \/><br \/><strong>Uusimaa:<\/strong><br \/>Nurmij\u00e4rvi, Espoo, Vantaa, Helsinki, J\u00e4rvenp\u00e4\u00e4, Hyvink\u00e4\u00e4, Vihti, Porvoo, Kirkkonummi, Nummela, Tuusula, M\u00e4nts\u00e4l\u00e4, Hyvink\u00e4\u00e4 ja Riihim\u00e4ki<\/p>\t\t\t\t\t\t\t\t<\/div>\n\t\t\t\t\t<\/div>\n\t\t<\/div>\n\t\t\t\t\t<\/div>\n\t\t<\/section>\n\t\t\t\t<\/div>\n\t\t","protected":false},"excerpt":{"rendered":"<p>LVI Eilola Oy T\u00e4yden palvelun maal\u00e4mp\u00f6talo Pyyd\u00e4 tarjous Vankkaa osaamista jo vudesta 2006 alkaen Olemme urakoineet Oulun ja Lapin l\u00e4\u00e4nien alueella sek\u00e4 Helsingin \u2013 Uudenmaan alueella maal\u00e4mp\u00f6asennuksia vuodesta 2006 alkaen. Kokemusta on kertynyt jo l\u00e4hes 2000 asennetusta maal\u00e4mp\u00f6kohteesta. Meilt\u00e4 saat varmasti oikeanlaisen mitoituksen kohteeseesi, laadukkaat maal\u00e4mp\u00f6tuotteet, asennus tehd\u00e4\u00e4n rautaisella ammattitaidolla ja tarvittaessa huoltokin pelaa! Pyyd\u00e4 [&hellip;]<\/p>\n","protected":false},"author":1,"featured_media":0,"parent":0,"menu_order":0,"comment_status":"closed","ping_status":"closed","template":"elementor_header_footer","meta":{"footnotes":""},"class_list":["post-30","page","type-page","status-publish","hentry"],"_links":{"self":[{"href":"https:\/\/lvieilola.ngmprojektit.fi\/index.php?rest_route=\/wp\/v2\/pages\/30","targetHints":{"allow":["GET"]}}],"collection":[{"href":"https:\/\/lvieilola.ngmprojektit.fi\/index.php?rest_route=\/wp\/v2\/pages"}],"about":[{"href":"https:\/\/lvieilola.ngmprojektit.fi\/index.php?rest_route=\/wp\/v2\/types\/page"}],"author":[{"embeddable":true,"href":"https:\/\/lvieilola.ngmprojektit.fi\/index.php?rest_route=\/wp\/v2\/users\/1"}],"replies":[{"embeddable":true,"href":"https:\/\/lvieilola.ngmprojektit.fi\/index.php?rest_route=%2Fwp%2Fv2%2Fcomments&post=30"}],"version-history":[{"count":16,"href":"https:\/\/lvieilola.ngmprojektit.fi\/index.php?rest_route=\/wp\/v2\/pages\/30\/revisions"}],"predecessor-version":[{"id":126,"href":"https:\/\/lvieilola.ngmprojektit.fi\/index.php?rest_route=\/wp\/v2\/pages\/30\/revisions\/126"}],"wp:attachment":[{"href":"https:\/\/lvieilola.ngmprojektit.fi\/index.php?rest_route=%2Fwp%2Fv2%2Fmedia&parent=30"}],"curies":[{"name":"wp","href":"https:\/\/api.w.org\/{rel}","templated":true}]}}