{"id":26,"date":"2026-04-23T06:42:48","date_gmt":"2026-04-23T06:42:48","guid":{"rendered":"https:\/\/lvieilola.ngmprojektit.fi\/?page_id=26"},"modified":"2026-04-23T07:37:33","modified_gmt":"2026-04-23T07:37:33","slug":"palvelut","status":"publish","type":"page","link":"https:\/\/lvieilola.ngmprojektit.fi\/?page_id=26","title":{"rendered":"Palvelut"},"content":{"rendered":"\t\t<div data-elementor-type=\"wp-page\" data-elementor-id=\"26\" class=\"elementor elementor-26\" data-elementor-post-type=\"page\">\n\t\t\t\t\t\t<section class=\"elementor-section elementor-top-section elementor-element elementor-element-4112aef elementor-section-boxed elementor-section-height-default elementor-section-height-default\" data-id=\"4112aef\" data-element_type=\"section\" data-e-type=\"section\" data-settings=\"{&quot;background_background&quot;:&quot;classic&quot;}\">\n\t\t\t\t\t\t\t<div class=\"elementor-background-overlay\"><\/div>\n\t\t\t\t\t\t\t<div class=\"elementor-container elementor-column-gap-default\">\n\t\t\t\t\t<div class=\"elementor-column elementor-col-100 elementor-top-column elementor-element elementor-element-138442a\" data-id=\"138442a\" data-element_type=\"column\" data-e-type=\"column\">\n\t\t\t<div class=\"elementor-widget-wrap elementor-element-populated\">\n\t\t\t\t\t\t<div class=\"elementor-element elementor-element-b14807b elementor-widget elementor-widget-heading\" data-id=\"b14807b\" data-element_type=\"widget\" data-e-type=\"widget\" data-widget_type=\"heading.default\">\n\t\t\t\t\t<h2 class=\"elementor-heading-title elementor-size-default\">LVI Eilola Oy\n<\/h2>\t\t\t\t<\/div>\n\t\t\t\t<div class=\"elementor-element elementor-element-dd8e867 elementor-widget elementor-widget-heading\" data-id=\"dd8e867\" data-element_type=\"widget\" data-e-type=\"widget\" data-widget_type=\"heading.default\">\n\t\t\t\t\t<h2 class=\"elementor-heading-title elementor-size-default\">Tutustu palveluihin <\/h2>\t\t\t\t<\/div>\n\t\t\t\t<section class=\"elementor-section elementor-inner-section elementor-element elementor-element-f6f1c2e elementor-section-boxed elementor-section-height-default elementor-section-height-default\" data-id=\"f6f1c2e\" data-element_type=\"section\" data-e-type=\"section\">\n\t\t\t\t\t\t<div class=\"elementor-container elementor-column-gap-default\">\n\t\t\t\t\t<div class=\"elementor-column elementor-col-100 elementor-inner-column elementor-element elementor-element-692419a\" data-id=\"692419a\" data-element_type=\"column\" data-e-type=\"column\">\n\t\t\t<div class=\"elementor-widget-wrap elementor-element-populated\">\n\t\t\t\t\t\t<div class=\"elementor-element elementor-element-842c325 elementor-align-center elementor-widget elementor-widget-button\" data-id=\"842c325\" data-element_type=\"widget\" data-e-type=\"widget\" data-widget_type=\"button.default\">\n\t\t\t\t\t\t\t\t\t\t<a class=\"elementor-button elementor-button-link elementor-size-sm\" href=\"#\">\n\t\t\t\t\t\t<span class=\"elementor-button-content-wrapper\">\n\t\t\t\t\t\t\t\t\t<span class=\"elementor-button-text\">Pyyd\u00e4 tarjous<\/span>\n\t\t\t\t\t<\/span>\n\t\t\t\t\t<\/a>\n\t\t\t\t\t\t\t\t<\/div>\n\t\t\t\t\t<\/div>\n\t\t<\/div>\n\t\t\t\t\t<\/div>\n\t\t<\/section>\n\t\t\t\t\t<\/div>\n\t\t<\/div>\n\t\t\t\t\t<\/div>\n\t\t<\/section>\n\t\t\t\t<section class=\"elementor-section elementor-top-section elementor-element elementor-element-dc733a3 elementor-section-boxed elementor-section-height-default elementor-section-height-default\" data-id=\"dc733a3\" data-element_type=\"section\" data-e-type=\"section\" data-settings=\"{&quot;background_background&quot;:&quot;classic&quot;}\">\n\t\t\t\t\t\t<div class=\"elementor-container elementor-column-gap-default\">\n\t\t\t\t\t<div class=\"elementor-column elementor-col-100 elementor-top-column elementor-element elementor-element-db13019\" data-id=\"db13019\" data-element_type=\"column\" data-e-type=\"column\">\n\t\t\t<div class=\"elementor-widget-wrap elementor-element-populated\">\n\t\t\t\t\t\t<div class=\"elementor-element elementor-element-37b486f elementor-widget elementor-widget-heading\" data-id=\"37b486f\" data-element_type=\"widget\" data-e-type=\"widget\" data-widget_type=\"heading.default\">\n\t\t\t\t\t<h2 class=\"elementor-heading-title elementor-size-default\">Palvelumme<\/h2>\t\t\t\t<\/div>\n\t\t\t\t<div class=\"elementor-element elementor-element-d49422e elementor-widget elementor-widget-text-editor\" data-id=\"d49422e\" data-element_type=\"widget\" data-e-type=\"widget\" data-widget_type=\"text-editor.default\">\n\t\t\t\t\t\t\t\t\t<div class=\"headerbox\"><div class=\"headerimage\"><div class=\"headertitle\"><p class=\"textlabel\">Meille on t\u00e4rke\u00e4\u00e4, ett\u00e4 asiakkaittemme energiaratkaisut ovat kannattavia pitk\u00e4ll\u00e4 t\u00e4ht\u00e4imell\u00e4. LVI Eilola huoltaa, tarkastaa ja korjaa kaikki IVT:n l\u00e4mp\u00f6pumppumallit. Huollattamalla l\u00e4mp\u00f6pumpun pidenn\u00e4t laitteen k\u00e4ytt\u00f6ik\u00e4\u00e4 sek\u00e4 tehokkuutta, eli LVI-huolto s\u00e4\u00e4st\u00e4\u00e4 selv\u00e4\u00e4 rahaa!<\/p><\/div><\/div><\/div>\t\t\t\t\t\t\t\t<\/div>\n\t\t\t\t<div class=\"elementor-element elementor-element-8b84a05 elementor-align-center elementor-widget elementor-widget-button\" data-id=\"8b84a05\" data-element_type=\"widget\" data-e-type=\"widget\" data-widget_type=\"button.default\">\n\t\t\t\t\t\t\t\t\t\t<a class=\"elementor-button elementor-button-link elementor-size-sm\" href=\"#\">\n\t\t\t\t\t\t<span class=\"elementor-button-content-wrapper\">\n\t\t\t\t\t\t\t\t\t<span class=\"elementor-button-text\">Pyyd\u00e4 tarjous<\/span>\n\t\t\t\t\t<\/span>\n\t\t\t\t\t<\/a>\n\t\t\t\t\t\t\t\t<\/div>\n\t\t\t\t\t<\/div>\n\t\t<\/div>\n\t\t\t\t\t<\/div>\n\t\t<\/section>\n\t\t\t\t<section class=\"elementor-section elementor-top-section elementor-element elementor-element-5a434fc elementor-section-boxed elementor-section-height-default elementor-section-height-default\" data-id=\"5a434fc\" data-element_type=\"section\" data-e-type=\"section\" data-settings=\"{&quot;background_background&quot;:&quot;classic&quot;}\">\n\t\t\t\t\t\t<div class=\"elementor-container elementor-column-gap-default\">\n\t\t\t\t\t<div class=\"elementor-column elementor-col-50 elementor-top-column elementor-element elementor-element-54d1c30\" data-id=\"54d1c30\" data-element_type=\"column\" data-e-type=\"column\" data-settings=\"{&quot;background_background&quot;:&quot;classic&quot;}\">\n\t\t\t<div class=\"elementor-widget-wrap elementor-element-populated\">\n\t\t\t\t\t\t<div class=\"elementor-element elementor-element-b298dc3 elementor-widget elementor-widget-spacer\" data-id=\"b298dc3\" data-element_type=\"widget\" data-e-type=\"widget\" data-widget_type=\"spacer.default\">\n\t\t\t\t\t\t\t<div class=\"elementor-spacer\">\n\t\t\t<div class=\"elementor-spacer-inner\"><\/div>\n\t\t<\/div>\n\t\t\t\t\t\t<\/div>\n\t\t\t\t\t<\/div>\n\t\t<\/div>\n\t\t\t\t<div class=\"elementor-column elementor-col-50 elementor-top-column elementor-element elementor-element-5523940\" data-id=\"5523940\" data-element_type=\"column\" data-e-type=\"column\">\n\t\t\t<div class=\"elementor-widget-wrap elementor-element-populated\">\n\t\t\t\t\t\t<div class=\"elementor-element elementor-element-e14c9c7 elementor-widget elementor-widget-heading\" data-id=\"e14c9c7\" data-element_type=\"widget\" data-e-type=\"widget\" data-widget_type=\"heading.default\">\n\t\t\t\t\t<h2 class=\"elementor-heading-title elementor-size-default\">Korjaus\n<\/h2>\t\t\t\t<\/div>\n\t\t\t\t<div class=\"elementor-element elementor-element-a88119c elementor-widget elementor-widget-text-editor\" data-id=\"a88119c\" data-element_type=\"widget\" data-e-type=\"widget\" data-widget_type=\"text-editor.default\">\n\t\t\t\t\t\t\t\t\tIlmavesil\u00e4mp\u00f6pumput ovat kest\u00e4vi\u00e4 ja toimintavarmoja. Niiden korjaustarvetta ilmenee harvoin. Jos kuitenkin l\u00e4mp\u00f6pumppusi vaatii korjausta tai ep\u00e4ilet vikaa l\u00e4mmitysj\u00e4rjestelm\u00e4ss\u00e4, saat meilt\u00e4 t\u00e4yden korjaus- ja varaosapalvelun. LVI-huolto takaa pitk\u00e4n k\u00e4ytt\u00f6i\u00e4n ja kustannuksia s\u00e4\u00e4st\u00e4v\u00e4n k\u00e4yt\u00f6n l\u00e4mmitysratkaisuillesi.\n\n\t\t\t\t\t\t\t\t<\/div>\n\t\t\t\t\t<\/div>\n\t\t<\/div>\n\t\t\t\t\t<\/div>\n\t\t<\/section>\n\t\t\t\t<section class=\"elementor-section elementor-top-section elementor-element elementor-element-b75674e elementor-section-boxed elementor-section-height-default elementor-section-height-default\" data-id=\"b75674e\" data-element_type=\"section\" data-e-type=\"section\" data-settings=\"{&quot;background_background&quot;:&quot;classic&quot;}\">\n\t\t\t\t\t\t<div class=\"elementor-container elementor-column-gap-default\">\n\t\t\t\t\t<div class=\"elementor-column elementor-col-50 elementor-top-column elementor-element elementor-element-28bb1f1\" data-id=\"28bb1f1\" data-element_type=\"column\" data-e-type=\"column\">\n\t\t\t<div class=\"elementor-widget-wrap elementor-element-populated\">\n\t\t\t\t\t\t<div class=\"elementor-element elementor-element-2443cfa elementor-widget elementor-widget-heading\" data-id=\"2443cfa\" data-element_type=\"widget\" data-e-type=\"widget\" data-widget_type=\"heading.default\">\n\t\t\t\t\t<h2 class=\"elementor-heading-title elementor-size-default\">Vikap\u00e4ivystys\n<\/h2>\t\t\t\t<\/div>\n\t\t\t\t<div class=\"elementor-element elementor-element-6a017f2 elementor-widget elementor-widget-text-editor\" data-id=\"6a017f2\" data-element_type=\"widget\" data-e-type=\"widget\" data-widget_type=\"text-editor.default\">\n\t\t\t\t\t\t\t\t\t<p>Meille on t\u00e4rke\u00e4\u00e4, ett\u00e4 l\u00e4mmitysj\u00e4rjestelm\u00e4si palvelee sinua moitteetta ymp\u00e4ri vuoden ja vuorokauden. Korjaamme ja huollamme IVT-l\u00e4mp\u00f6pumput my\u00f6s iltaisin ja viikonloppuisin. Jos l\u00e4mmitysj\u00e4rjestelm\u00e4ss\u00e4 ilmenee \u00e4killinen vika, ota yhteytt\u00e4 puhelimitse!<\/p>\t\t\t\t\t\t\t\t<\/div>\n\t\t\t\t<div class=\"elementor-element elementor-element-bbb9676 elementor-align-left elementor-widget elementor-widget-button\" data-id=\"bbb9676\" data-element_type=\"widget\" data-e-type=\"widget\" data-widget_type=\"button.default\">\n\t\t\t\t\t\t\t\t\t\t<a class=\"elementor-button elementor-button-link elementor-size-sm\" href=\"#\">\n\t\t\t\t\t\t<span class=\"elementor-button-content-wrapper\">\n\t\t\t\t\t\t\t\t\t<span class=\"elementor-button-text\">Soita vikap\u00e4ivystykseen<\/span>\n\t\t\t\t\t<\/span>\n\t\t\t\t\t<\/a>\n\t\t\t\t\t\t\t\t<\/div>\n\t\t\t\t\t<\/div>\n\t\t<\/div>\n\t\t\t\t<div class=\"elementor-column elementor-col-50 elementor-top-column elementor-element elementor-element-eea0881\" data-id=\"eea0881\" data-element_type=\"column\" data-e-type=\"column\" data-settings=\"{&quot;background_background&quot;:&quot;classic&quot;}\">\n\t\t\t<div class=\"elementor-widget-wrap elementor-element-populated\">\n\t\t\t\t\t\t<div class=\"elementor-element elementor-element-e12dae5 elementor-widget elementor-widget-spacer\" data-id=\"e12dae5\" data-element_type=\"widget\" data-e-type=\"widget\" data-widget_type=\"spacer.default\">\n\t\t\t\t\t\t\t<div class=\"elementor-spacer\">\n\t\t\t<div class=\"elementor-spacer-inner\"><\/div>\n\t\t<\/div>\n\t\t\t\t\t\t<\/div>\n\t\t\t\t\t<\/div>\n\t\t<\/div>\n\t\t\t\t\t<\/div>\n\t\t<\/section>\n\t\t\t\t<section class=\"elementor-section elementor-top-section elementor-element elementor-element-c8be7bf elementor-section-boxed elementor-section-height-default elementor-section-height-default\" data-id=\"c8be7bf\" data-element_type=\"section\" data-e-type=\"section\" data-settings=\"{&quot;background_background&quot;:&quot;classic&quot;}\">\n\t\t\t\t\t\t<div class=\"elementor-container elementor-column-gap-default\">\n\t\t\t\t\t<div class=\"elementor-column elementor-col-50 elementor-top-column elementor-element elementor-element-4911eb8\" data-id=\"4911eb8\" data-element_type=\"column\" data-e-type=\"column\" data-settings=\"{&quot;background_background&quot;:&quot;classic&quot;}\">\n\t\t\t<div class=\"elementor-widget-wrap elementor-element-populated\">\n\t\t\t\t\t\t<div class=\"elementor-element elementor-element-8a9c322 elementor-widget elementor-widget-spacer\" data-id=\"8a9c322\" data-element_type=\"widget\" data-e-type=\"widget\" data-widget_type=\"spacer.default\">\n\t\t\t\t\t\t\t<div class=\"elementor-spacer\">\n\t\t\t<div class=\"elementor-spacer-inner\"><\/div>\n\t\t<\/div>\n\t\t\t\t\t\t<\/div>\n\t\t\t\t\t<\/div>\n\t\t<\/div>\n\t\t\t\t<div class=\"elementor-column elementor-col-50 elementor-top-column elementor-element elementor-element-a1c0ead\" data-id=\"a1c0ead\" data-element_type=\"column\" data-e-type=\"column\">\n\t\t\t<div class=\"elementor-widget-wrap elementor-element-populated\">\n\t\t\t\t\t\t<div class=\"elementor-element elementor-element-ed1031d elementor-widget elementor-widget-heading\" data-id=\"ed1031d\" data-element_type=\"widget\" data-e-type=\"widget\" data-widget_type=\"heading.default\">\n\t\t\t\t\t<h2 class=\"elementor-heading-title elementor-size-default\">Rahoitus\n<\/h2>\t\t\t\t<\/div>\n\t\t\t\t<div class=\"elementor-element elementor-element-aca77d4 elementor-widget elementor-widget-text-editor\" data-id=\"aca77d4\" data-element_type=\"widget\" data-e-type=\"widget\" data-widget_type=\"text-editor.default\">\n\t\t\t\t\t\t\t\t\tRahoita maal\u00e4mp\u00f6investointisi j\u00e4rkev\u00e4ll\u00e4 L\u00e4mp\u00f6mestari-rahoituksella. Rahoituksen hy\u00f6dyt p\u00e4hkin\u00e4nkuoressa: &#8211; Voit aloittaa s\u00e4\u00e4st\u00e4misen heti &#8211; Et sido omaa p\u00e4\u00e4omaa &#8211; Saat ymp\u00e4rist\u00f6yst\u00e4v\u00e4llist\u00e4 l\u00e4mp\u00f6energiaa k\u00e4ytt\u00f6\u00f6si &#8211; Varmatoiminen l\u00e4mmitysratkaisu &#8211; Rahoituksen j\u00e4lkeen l\u00e4hes ilmaista energiaa &#8211; Joustavat maksutavat Tartu tilaisuuteen ja hae rahoitusta!\t\t\t\t\t\t\t\t<\/div>\n\t\t\t\t<div class=\"elementor-element elementor-element-44b1b0c elementor-widget elementor-widget-text-editor\" data-id=\"44b1b0c\" data-element_type=\"widget\" data-e-type=\"widget\" data-widget_type=\"text-editor.default\">\n\t\t\t\t\t\t\t\t\t<p>*Aktiiviraha on jatkuva luotto, jonka todellinen vuosikorko laskettuna 1500 euron k\u00e4yt\u00f6ss\u00e4 olevalle luottosaldolle on 18,42 % ja maksettava kokonaism\u00e4\u00e4r\u00e4 1641,84 euroa. Laskennassa on otettu huomioon kuukausimaksu, joka on 0,01 % luottorajasta p\u00e4iv\u00e4\u00e4 kohden, 4,56 euroa kuukaudessa, kuitenkin enint\u00e4\u00e4n 150 euroa vuodessa ja nimelliskorko 10,558 % (7\/2019).<\/p><p>Todellisen vuosikoron laskennassa oletetaan, ett\u00e4 luotto my\u00f6nnet\u00e4\u00e4n vuodeksi ensimm\u00e4isest\u00e4 nostosta, j\u00e4ljell\u00e4 oleva luoton p\u00e4\u00e4oma ja luottokustannukset tulevat viimeisell\u00e4 maksuer\u00e4ll\u00e4 kokonaan maksetuiksi, luoton p\u00e4\u00e4oma maksetaan takaisin saman m\u00e4\u00e4r\u00e4isin\u00e4 136,82 euron kuukausierin\u00e4 ja ett\u00e4 luottokustannukset otetaan huomioon nostojen ja p\u00e4\u00e4oman takaisinmaksujen mukaisesti luottosopimuksessa sovitulla tavalla.<\/p><p>Luoton my\u00f6nt\u00e4\u00e4 Handelsbanken Rahoitus Oyj, It\u00e4merenkatu 11-13, Helsinki.<\/p>\t\t\t\t\t\t\t\t<\/div>\n\t\t\t\t\t<\/div>\n\t\t<\/div>\n\t\t\t\t\t<\/div>\n\t\t<\/section>\n\t\t\t\t<\/div>\n\t\t","protected":false},"excerpt":{"rendered":"<p>LVI Eilola Oy Tutustu palveluihin Pyyd\u00e4 tarjous Palvelumme Meille on t\u00e4rke\u00e4\u00e4, ett\u00e4 asiakkaittemme energiaratkaisut ovat kannattavia pitk\u00e4ll\u00e4 t\u00e4ht\u00e4imell\u00e4. LVI Eilola huoltaa, tarkastaa ja korjaa kaikki IVT:n l\u00e4mp\u00f6pumppumallit. Huollattamalla l\u00e4mp\u00f6pumpun pidenn\u00e4t laitteen k\u00e4ytt\u00f6ik\u00e4\u00e4 sek\u00e4 tehokkuutta, eli LVI-huolto s\u00e4\u00e4st\u00e4\u00e4 selv\u00e4\u00e4 rahaa! Pyyd\u00e4 tarjous Korjaus Ilmavesil\u00e4mp\u00f6pumput ovat kest\u00e4vi\u00e4 ja toimintavarmoja. Niiden korjaustarvetta ilmenee harvoin. Jos kuitenkin l\u00e4mp\u00f6pumppusi vaatii [&hellip;]<\/p>\n","protected":false},"author":1,"featured_media":0,"parent":0,"menu_order":0,"comment_status":"closed","ping_status":"closed","template":"elementor_header_footer","meta":{"footnotes":""},"class_list":["post-26","page","type-page","status-publish","hentry"],"_links":{"self":[{"href":"https:\/\/lvieilola.ngmprojektit.fi\/index.php?rest_route=\/wp\/v2\/pages\/26","targetHints":{"allow":["GET"]}}],"collection":[{"href":"https:\/\/lvieilola.ngmprojektit.fi\/index.php?rest_route=\/wp\/v2\/pages"}],"about":[{"href":"https:\/\/lvieilola.ngmprojektit.fi\/index.php?rest_route=\/wp\/v2\/types\/page"}],"author":[{"embeddable":true,"href":"https:\/\/lvieilola.ngmprojektit.fi\/index.php?rest_route=\/wp\/v2\/users\/1"}],"replies":[{"embeddable":true,"href":"https:\/\/lvieilola.ngmprojektit.fi\/index.php?rest_route=%2Fwp%2Fv2%2Fcomments&post=26"}],"version-history":[{"count":13,"href":"https:\/\/lvieilola.ngmprojektit.fi\/index.php?rest_route=\/wp\/v2\/pages\/26\/revisions"}],"predecessor-version":[{"id":148,"href":"https:\/\/lvieilola.ngmprojektit.fi\/index.php?rest_route=\/wp\/v2\/pages\/26\/revisions\/148"}],"wp:attachment":[{"href":"https:\/\/lvieilola.ngmprojektit.fi\/index.php?rest_route=%2Fwp%2Fv2%2Fmedia&parent=26"}],"curies":[{"name":"wp","href":"https:\/\/api.w.org\/{rel}","templated":true}]}}